{"id":22853,"date":"2021-06-03T15:18:11","date_gmt":"2021-06-03T13:18:11","guid":{"rendered":"http:\/\/oktoberfest-tischreservierungen.de\/?page_id=22853"},"modified":"2021-09-21T11:40:02","modified_gmt":"2021-09-21T09:40:02","slug":"presse","status":"publish","type":"page","link":"https:\/\/oktoberfest-tischreservierungen.de\/en\/presse\/","title":{"rendered":"Presse"},"content":{"rendered":"<div data-elementor-type=\"wp-page\" data-elementor-id=\"22853\" class=\"elementor elementor-22853\" data-elementor-post-type=\"page\">\n\t\t\t\t\t\t<section class=\"elementor-section elementor-top-section elementor-element elementor-element-7940152 elementor-section-boxed elementor-section-height-default elementor-section-height-default\" data-id=\"7940152\" data-element_type=\"section\" data-settings=\"{&quot;background_background&quot;:&quot;classic&quot;}\">\n\t\t\t\t\t\t<div class=\"elementor-container elementor-column-gap-default\">\n\t\t\t\t\t<div class=\"elementor-column elementor-col-100 elementor-top-column elementor-element elementor-element-2188a97\" data-id=\"2188a97\" data-element_type=\"column\">\n\t\t\t<div class=\"elementor-widget-wrap elementor-element-populated\">\n\t\t\t\t\t\t<section class=\"elementor-section elementor-inner-section elementor-element elementor-element-2e4b53b elementor-section-boxed elementor-section-height-default elementor-section-height-default\" data-id=\"2e4b53b\" data-element_type=\"section\">\n\t\t\t\t\t\t<div class=\"elementor-container elementor-column-gap-default\">\n\t\t\t\t\t<div class=\"elementor-column elementor-col-33 elementor-inner-column elementor-element elementor-element-2c8028d\" data-id=\"2c8028d\" data-element_type=\"column\">\n\t\t\t<div class=\"elementor-widget-wrap\">\n\t\t\t\t\t\t\t<\/div>\n\t\t<\/div>\n\t\t\t\t<div class=\"elementor-column elementor-col-33 elementor-inner-column elementor-element elementor-element-6b128b1\" data-id=\"6b128b1\" data-element_type=\"column\">\n\t\t\t<div class=\"elementor-widget-wrap elementor-element-populated\">\n\t\t\t\t\t\t<div class=\"elementor-element elementor-element-46c9826 elementor-widget elementor-widget-heading\" data-id=\"46c9826\" data-element_type=\"widget\" data-widget_type=\"heading.default\">\n\t\t\t\t<div class=\"elementor-widget-container\">\n\t\t\t\t\t<h4 class=\"elementor-heading-title elementor-size-default\">Was die Presse \u00fcber uns sagt:<\/h4>\t\t\t\t<\/div>\n\t\t\t\t<\/div>\n\t\t\t\t\t<\/div>\n\t\t<\/div>\n\t\t\t\t<div class=\"elementor-column elementor-col-33 elementor-inner-column elementor-element elementor-element-ceb21d9\" data-id=\"ceb21d9\" data-element_type=\"column\">\n\t\t\t<div class=\"elementor-widget-wrap\">\n\t\t\t\t\t\t\t<\/div>\n\t\t<\/div>\n\t\t\t\t\t<\/div>\n\t\t<\/section>\n\t\t\t\t<div class=\"elementor-element elementor-element-ec5dcf8 elementor-widget elementor-widget-spacer\" data-id=\"ec5dcf8\" data-element_type=\"widget\" data-widget_type=\"spacer.default\">\n\t\t\t\t<div class=\"elementor-widget-container\">\n\t\t\t\t\t\t\t<div class=\"elementor-spacer\">\n\t\t\t<div class=\"elementor-spacer-inner\"><\/div>\n\t\t<\/div>\n\t\t\t\t\t\t<\/div>\n\t\t\t\t<\/div>\n\t\t\t\t<section class=\"elementor-section elementor-inner-section elementor-element elementor-element-9c71b78 elementor-section-boxed elementor-section-height-default elementor-section-height-default\" data-id=\"9c71b78\" data-element_type=\"section\">\n\t\t\t\t\t\t<div class=\"elementor-container elementor-column-gap-default\">\n\t\t\t\t\t<div class=\"elementor-column elementor-col-33 elementor-inner-column elementor-element elementor-element-5858c5c\" data-id=\"5858c5c\" data-element_type=\"column\">\n\t\t\t<div class=\"elementor-widget-wrap\">\n\t\t\t\t\t\t\t<\/div>\n\t\t<\/div>\n\t\t\t\t<div class=\"elementor-column elementor-col-33 elementor-inner-column elementor-element elementor-element-9d21508\" data-id=\"9d21508\" data-element_type=\"column\">\n\t\t\t<div class=\"elementor-widget-wrap elementor-element-populated\">\n\t\t\t\t\t\t<div class=\"elementor-element elementor-element-13cef8a elementor-widget elementor-widget-text-editor\" data-id=\"13cef8a\" data-element_type=\"widget\" data-widget_type=\"text-editor.default\">\n\t\t\t\t<div class=\"elementor-widget-container\">\n\t\t\t\t\t\t\t\t\t<h4><span style=\"color: #000000;\">Verbraucherdienst e.V. (24.7.2015)<\/span><\/h4><p><em>&#8222;Es gibt seri\u00f6se Online-Anbieter wie Oktoberfest-Tischreservierungen.de\u00a0<\/em>\u00a0\u2013\u00a0<em>aber auch andere Ticketagenturen,\u00a0zum Beispiel private und nicht immer seri\u00f6se Anbieter bei eBay&#8220;<\/em><\/p><p>\u00a0<\/p><div class=\"hero-unit category--teaser panel has--border is--rounded\"><div class=\"hero--text panel--body is--wide\"><div class=\"teaser--text-long\"><h4><span style=\"color: #000000;\">S\u00fcddeutsche Zeitung (30.8.2014)<\/span><\/h4><p><em>&#8222;Seit sechs Jahren handelt tab ticketbroker mit einem raren Gut: Wiesn-Tischen in den gro\u00dfen Zelten des Oktoberfests&#8220;<\/em><\/p><p>\u00a0<\/p><h4><span style=\"color: #000000;\">Focus (17.5.2011)<\/span><\/h4><p><em>&#8222;Tab Ticketbroker verkauft \u00fcber das Internet Reservierungen f\u00fcr das wohl bekannteste Volksfest der Welt. Kunden seien haupts\u00e4chlich Firmen, die sicher gehen wollten, dass ihre Angestellten auch einen Platz bek\u00e4men&#8220;<\/em><\/p><p>\u00a0<\/p><h4><span style=\"color: #000000;\">Bild Zeitung (12.8.2014)<\/span><\/h4><p><em>&#8222;Millionen Menschen haben es auf die begehrten Pl\u00e4tze in den Festzelten auf der Theresienwiese abgesehen. Startup Unternehmer Florian Kosak verkauft Wiesn-Tisch-Reservierungen im Internet&#8220;<\/em><\/p><p>\u00a0<\/p><h4><span style=\"color: #000000;\">Die Welt (18.5.2011)<\/span><\/h4><p><em>&#8222;Ticketagentur Tab Ticketbroker verkauft \u00fcber das Internet Reservierungen f\u00fcr das Oktoberfest&#8220;<\/em><\/p><p>\u00a0<\/p><h4><span style=\"color: #000000;\">TZ M\u00fcnchen (11.2.2013)<\/span><\/h4><p><em>&#8222;Da l\u00e4uft viel \u00fcber Firmen, die einen Teil ihrer reservierten Pl\u00e4tze verkaufen. Tab Ticketbroker\u201c best\u00e4tigt das: \u201eFirmen, die von acht Tischen nur sieben nutzen, geben an uns den \u00fcbersch\u00fcssigen weiter und wir vermitteln diesen dann f\u00fcr die Firma&#8220;<\/em><\/p><p>\u00a0<\/p><h4><span style=\"color: #000000;\">Abendzeitung M\u00fcnchen (1.10.2014)<\/span><\/h4><p><em>&#8222;Es gibt gro\u00dfe, offizielle H\u00e4ndler wie \u201etab ticketbroker\u201c aus Berlin, die gewerblich Tischreservierungen auf dem Oktoberfest verkaufen. Auf das Angebot der Agentur greift nat\u00fcrlich kein M\u00fcnchner Normalo zur\u00fcck, wenn er bei der Tischvergabe wieder einmal leer ausgeht sondern zu \u00fcber 90 Prozent sind es gro\u00dfe Firmen&#8220;<\/em><\/p><p>\u00a0<\/p><h4><span style=\"color: #000000;\">Deutsche Startups (8.3.2013)<\/span><\/h4><p><em>&#8222;tab ticketbroker aus Berlin ist ein europaweit t\u00e4tiger Ticketvermittler und -vermarkter f\u00fcr verschiedene Live-Events.&#8220;<\/em><\/p><p>\u00a0<\/p><h4><span style=\"color: #000000;\">Venture Village (17.7.2013)<\/span><\/h4><p><em>&#8222;In 2012, Redalpine \u2013 through a collaboration with Berlin-based accelerator MAS Angel Fund \u2013 announced its investment in Tab Ticketbroker&#8220;<\/em><\/p><p>\u00a0<\/p><h4><span style=\"color: #000000;\">Gr\u00fcnderszene (5.6.2013)<\/span><\/h4><p><em>&#8222;Das Berliner Startup Tab Ticketbroker, das europaweit Tickets f\u00fcr verschieden Live-Events vermittelt&#8220;<\/em><\/p><\/div><\/div><\/div><div class=\"listing--wrapper visible--xl visible--l visible--m visible--s visible--xs\"><div class=\"listing--actions is--rounded without-facets without-pagination\" data-listing-actions=\"true\">\u00a0<\/div><\/div>\t\t\t\t\t\t\t\t<\/div>\n\t\t\t\t<\/div>\n\t\t\t\t\t<\/div>\n\t\t<\/div>\n\t\t\t\t<div class=\"elementor-column elementor-col-33 elementor-inner-column elementor-element elementor-element-8700fa8\" data-id=\"8700fa8\" data-element_type=\"column\">\n\t\t\t<div class=\"elementor-widget-wrap\">\n\t\t\t\t\t\t\t<\/div>\n\t\t<\/div>\n\t\t\t\t\t<\/div>\n\t\t<\/section>\n\t\t\t\t\t<\/div>\n\t\t<\/div>\n\t\t\t\t\t<\/div>\n\t\t<\/section>\n\t\t\t\t<section class=\"elementor-section elementor-top-section elementor-element elementor-element-0543fb2 elementor-section-boxed elementor-section-height-default elementor-section-height-default\" data-id=\"0543fb2\" data-element_type=\"section\">\n\t\t\t\t\t\t<div class=\"elementor-container elementor-column-gap-default\">\n\t\t\t\t\t<div class=\"elementor-column elementor-col-100 elementor-top-column elementor-element elementor-element-b950975\" data-id=\"b950975\" data-element_type=\"column\">\n\t\t\t<div class=\"elementor-widget-wrap\">\n\t\t\t\t\t\t\t<\/div>\n\t\t<\/div>\n\t\t\t\t\t<\/div>\n\t\t<\/section>\n\t\t\t\t<\/div>","protected":false},"excerpt":{"rendered":"<p>Was die Presse \u00fcber uns sagt: Verbraucherdienst e.V. (24.7.2015) &#8222;Es gibt seri\u00f6se Online-Anbieter wie Oktoberfest-Tischreservierungen.de\u00a0\u00a0\u2013\u00a0aber auch andere Ticketagenturen,\u00a0zum Beispiel private und nicht immer seri\u00f6se Anbieter bei eBay&#8220; \u00a0 S\u00fcddeutsche Zeitung (30.8.2014) &#8222;Seit sechs Jahren handelt tab ticketbroker mit einem raren Gut: Wiesn-Tischen in den gro\u00dfen Zelten des Oktoberfests&#8220; \u00a0 Focus (17.5.2011) &#8222;Tab Ticketbroker verkauft \u00fcber [&hellip;]<\/p>","protected":false},"author":1,"featured_media":0,"parent":0,"menu_order":0,"comment_status":"closed","ping_status":"closed","template":"","meta":{"_eb_attr":"","content-type":"","ocean_post_layout":"full-width","ocean_both_sidebars_style":"","ocean_both_sidebars_content_width":0,"ocean_both_sidebars_sidebars_width":0,"ocean_sidebar":"ocs-festzelte","ocean_second_sidebar":"0","ocean_disable_margins":"enable","ocean_add_body_class":"","ocean_shortcode_before_top_bar":"","ocean_shortcode_after_top_bar":"","ocean_shortcode_before_header":"","ocean_shortcode_after_header":"","ocean_has_shortcode":"","ocean_shortcode_after_title":"","ocean_shortcode_before_footer_widgets":"","ocean_shortcode_after_footer_widgets":"","ocean_shortcode_before_footer_bottom":"","ocean_shortcode_after_footer_bottom":"","ocean_display_top_bar":"default","ocean_display_header":"default","ocean_header_style":"","ocean_center_header_left_menu":"0","ocean_custom_header_template":"0","ocean_custom_logo":0,"ocean_custom_retina_logo":0,"ocean_custom_logo_max_width":0,"ocean_custom_logo_tablet_max_width":0,"ocean_custom_logo_mobile_max_width":0,"ocean_custom_logo_max_height":0,"ocean_custom_logo_tablet_max_height":0,"ocean_custom_logo_mobile_max_height":0,"ocean_header_custom_menu":"0","ocean_menu_typo_font_family":"0","ocean_menu_typo_font_subset":"","ocean_menu_typo_font_size":0,"ocean_menu_typo_font_size_tablet":0,"ocean_menu_typo_font_size_mobile":0,"ocean_menu_typo_font_size_unit":"px","ocean_menu_typo_font_weight":"","ocean_menu_typo_font_weight_tablet":"","ocean_menu_typo_font_weight_mobile":"","ocean_menu_typo_transform":"","ocean_menu_typo_transform_tablet":"","ocean_menu_typo_transform_mobile":"","ocean_menu_typo_line_height":0,"ocean_menu_typo_line_height_tablet":0,"ocean_menu_typo_line_height_mobile":0,"ocean_menu_typo_line_height_unit":"","ocean_menu_typo_spacing":0,"ocean_menu_typo_spacing_tablet":0,"ocean_menu_typo_spacing_mobile":0,"ocean_menu_typo_spacing_unit":"","ocean_menu_link_color":"","ocean_menu_link_color_hover":"","ocean_menu_link_color_active":"","ocean_menu_link_background":"","ocean_menu_link_hover_background":"","ocean_menu_link_active_background":"","ocean_menu_social_links_bg":"","ocean_menu_social_hover_links_bg":"","ocean_menu_social_links_color":"","ocean_menu_social_hover_links_color":"","ocean_disable_title":"enable","ocean_disable_heading":"enable","ocean_post_title":"","ocean_post_subheading":"","ocean_post_title_style":"background-image","ocean_post_title_background_color":"","ocean_post_title_background":22658,"ocean_post_title_bg_image_position":"","ocean_post_title_bg_image_attachment":"","ocean_post_title_bg_image_repeat":"","ocean_post_title_bg_image_size":"","ocean_post_title_height":0,"ocean_post_title_bg_overlay":1.0e-5,"ocean_post_title_bg_overlay_color":"","ocean_disable_breadcrumbs":"default","ocean_breadcrumbs_color":"","ocean_breadcrumbs_separator_color":"","ocean_breadcrumbs_links_color":"","ocean_breadcrumbs_links_hover_color":"","ocean_display_footer_widgets":"default","ocean_display_footer_bottom":"default","ocean_custom_footer_template":"0","footnotes":""},"categories":[30],"tags":[],"class_list":["post-22853","page","type-page","status-publish","hentry","category-information","entry","owp-thumbs-layout-horizontal","owp-btn-big","owp-tabs-layout-horizontal","has-no-thumbnails"],"_links":{"self":[{"href":"https:\/\/oktoberfest-tischreservierungen.de\/en\/wp-json\/wp\/v2\/pages\/22853","targetHints":{"allow":["GET"]}}],"collection":[{"href":"https:\/\/oktoberfest-tischreservierungen.de\/en\/wp-json\/wp\/v2\/pages"}],"about":[{"href":"https:\/\/oktoberfest-tischreservierungen.de\/en\/wp-json\/wp\/v2\/types\/page"}],"author":[{"embeddable":true,"href":"https:\/\/oktoberfest-tischreservierungen.de\/en\/wp-json\/wp\/v2\/users\/1"}],"replies":[{"embeddable":true,"href":"https:\/\/oktoberfest-tischreservierungen.de\/en\/wp-json\/wp\/v2\/comments?post=22853"}],"version-history":[{"count":20,"href":"https:\/\/oktoberfest-tischreservierungen.de\/en\/wp-json\/wp\/v2\/pages\/22853\/revisions"}],"predecessor-version":[{"id":24495,"href":"https:\/\/oktoberfest-tischreservierungen.de\/en\/wp-json\/wp\/v2\/pages\/22853\/revisions\/24495"}],"wp:attachment":[{"href":"https:\/\/oktoberfest-tischreservierungen.de\/en\/wp-json\/wp\/v2\/media?parent=22853"}],"wp:term":[{"taxonomy":"category","embeddable":true,"href":"https:\/\/oktoberfest-tischreservierungen.de\/en\/wp-json\/wp\/v2\/categories?post=22853"},{"taxonomy":"post_tag","embeddable":true,"href":"https:\/\/oktoberfest-tischreservierungen.de\/en\/wp-json\/wp\/v2\/tags?post=22853"}],"curies":[{"name":"wp","href":"https:\/\/api.w.org\/{rel}","templated":true}]}}