{"id":25510,"date":"2021-10-07T18:18:09","date_gmt":"2021-10-07T16:18:09","guid":{"rendered":"https:\/\/keen-proskuriakova.161-35-210-132.plesk.page\/?page_id=25510"},"modified":"2022-03-04T12:09:14","modified_gmt":"2022-03-04T11:09:14","slug":"spezial-paket","status":"publish","type":"page","link":"https:\/\/oktoberfest-tischreservierungen.de\/en\/spezial-paket\/","title":{"rendered":"Special Package"},"content":{"rendered":"<div data-elementor-type=\"wp-page\" data-elementor-id=\"25510\" class=\"elementor elementor-25510\" data-elementor-post-type=\"page\">\n\t\t\t\t\t\t<section class=\"elementor-section elementor-top-section elementor-element elementor-element-d268d8a elementor-section-boxed elementor-section-height-default elementor-section-height-default\" data-id=\"d268d8a\" data-element_type=\"section\">\n\t\t\t\t\t\t<div class=\"elementor-container elementor-column-gap-default\">\n\t\t\t\t\t<div class=\"elementor-column elementor-col-100 elementor-top-column elementor-element elementor-element-4472ef3\" data-id=\"4472ef3\" data-element_type=\"column\">\n\t\t\t<div class=\"elementor-widget-wrap elementor-element-populated\">\n\t\t\t\t\t\t<div class=\"elementor-element elementor-element-5d3cd99 elementor-widget elementor-widget-heading\" data-id=\"5d3cd99\" data-element_type=\"widget\" data-widget_type=\"heading.default\">\n\t\t\t\t<div class=\"elementor-widget-container\">\n\t\t\t\t\t<h1 class=\"elementor-heading-title elementor-size-default\"><h1 style=\"white-space: normal\">Special Package<\/h1><\/h1>\t\t\t\t<\/div>\n\t\t\t\t<\/div>\n\t\t\t\t\t<\/div>\n\t\t<\/div>\n\t\t\t\t\t<\/div>\n\t\t<\/section>\n\t\t\t\t<section class=\"elementor-section elementor-top-section elementor-element elementor-element-cbfdaad elementor-hidden-tablet elementor-hidden-mobile elementor-section-boxed elementor-section-height-default elementor-section-height-default\" data-id=\"cbfdaad\" data-element_type=\"section\">\n\t\t\t\t\t\t<div class=\"elementor-container elementor-column-gap-default\">\n\t\t\t\t\t<div class=\"elementor-column elementor-col-100 elementor-top-column elementor-element elementor-element-7f6dc69\" data-id=\"7f6dc69\" data-element_type=\"column\">\n\t\t\t<div class=\"elementor-widget-wrap elementor-element-populated\">\n\t\t\t\t\t\t<div class=\"elementor-element elementor-element-8c7f1e7 gallery-spacing-custom elementor-widget elementor-widget-image-gallery\" data-id=\"8c7f1e7\" data-element_type=\"widget\" data-widget_type=\"image-gallery.default\">\n\t\t\t\t<div class=\"elementor-widget-container\">\n\t\t\t\t\t\t\t<div class=\"elementor-image-gallery\">\n\t\t\t<div id='gallery-1' class='gallery galleryid-25510 gallery-columns-3 gallery-size-medium_large'><figure class='gallery-item'>\n\t\t\t<div class='gallery-icon landscape'>\n\t\t\t\t<a data-elementor-open-lightbox=\"yes\" data-elementor-lightbox-slideshow=\"8c7f1e7\" data-elementor-lightbox-title=\"Oktoberfest-Schuetzenfestzelt-IMG_8594-wasserzeichen\" data-e-action-hash=\"#elementor-action%3Aaction%3Dlightbox%26settings%3DeyJpZCI6MjgwNCwidXJsIjoiaHR0cHM6XC9cL29rdG9iZXJmZXN0LXRpc2NocmVzZXJ2aWVydW5nZW4uZGVcL3dwLWNvbnRlbnRcL3VwbG9hZHNcLzIwMjBcLzA3XC8yMDE3LU9rdG9iZXJmZXN0LVNjaHUtdHplbmZlc3R6ZWx0LUlNR184NTk0LXdhc3NlcnplaWNoZW4uanBnIiwic2xpZGVzaG93IjoiOGM3ZjFlNyJ9\" href='https:\/\/oktoberfest-tischreservierungen.de\/wp-content\/uploads\/2020\/07\/2017-Oktoberfest-Schu-tzenfestzelt-IMG_8594-wasserzeichen.jpg'><img fetchpriority=\"high\" decoding=\"async\" width=\"768\" height=\"519\" src=\"https:\/\/oktoberfest-tischreservierungen.de\/wp-content\/uploads\/2020\/07\/2017-Oktoberfest-Schu-tzenfestzelt-IMG_8594-wasserzeichen-768x519.jpg\" class=\"attachment-medium_large size-medium_large\" alt=\"\" srcset=\"https:\/\/oktoberfest-tischreservierungen.de\/wp-content\/uploads\/2020\/07\/2017-Oktoberfest-Schu-tzenfestzelt-IMG_8594-wasserzeichen-768x519.jpg 768w, https:\/\/oktoberfest-tischreservierungen.de\/wp-content\/uploads\/2020\/07\/2017-Oktoberfest-Schu-tzenfestzelt-IMG_8594-wasserzeichen-300x203.jpg 300w, https:\/\/oktoberfest-tischreservierungen.de\/wp-content\/uploads\/2020\/07\/2017-Oktoberfest-Schu-tzenfestzelt-IMG_8594-wasserzeichen-600x406.jpg 600w, https:\/\/oktoberfest-tischreservierungen.de\/wp-content\/uploads\/2020\/07\/2017-Oktoberfest-Schu-tzenfestzelt-IMG_8594-wasserzeichen-1024x692.jpg 1024w, https:\/\/oktoberfest-tischreservierungen.de\/wp-content\/uploads\/2020\/07\/2017-Oktoberfest-Schu-tzenfestzelt-IMG_8594-wasserzeichen-1536x1039.jpg 1536w, https:\/\/oktoberfest-tischreservierungen.de\/wp-content\/uploads\/2020\/07\/2017-Oktoberfest-Schu-tzenfestzelt-IMG_8594-wasserzeichen.jpg 1893w\" sizes=\"(max-width: 768px) 100vw, 768px\" \/><\/a>\n\t\t\t<\/div><\/figure><figure class='gallery-item'>\n\t\t\t<div class='gallery-icon landscape'>\n\t\t\t\t<a data-elementor-open-lightbox=\"yes\" data-elementor-lightbox-slideshow=\"8c7f1e7\" data-elementor-lightbox-title=\"Spezial\" data-e-action-hash=\"#elementor-action%3Aaction%3Dlightbox%26settings%3DeyJpZCI6MjYyODgsInVybCI6Imh0dHBzOlwvXC9va3RvYmVyZmVzdC10aXNjaHJlc2VydmllcnVuZ2VuLmRlXC93cC1jb250ZW50XC91cGxvYWRzXC8yMDIwXC8wOVwvU3BlemlhbC0yLnBuZyIsInNsaWRlc2hvdyI6IjhjN2YxZTcifQ%3D%3D\" href='https:\/\/oktoberfest-tischreservierungen.de\/wp-content\/uploads\/2020\/09\/Spezial-2.png'><img decoding=\"async\" width=\"768\" height=\"510\" src=\"https:\/\/oktoberfest-tischreservierungen.de\/wp-content\/uploads\/2020\/09\/Spezial-2-768x510.png\" class=\"attachment-medium_large size-medium_large\" alt=\"\" srcset=\"https:\/\/oktoberfest-tischreservierungen.de\/wp-content\/uploads\/2020\/09\/Spezial-2-768x510.png 768w, https:\/\/oktoberfest-tischreservierungen.de\/wp-content\/uploads\/2020\/09\/Spezial-2-300x199.png 300w, https:\/\/oktoberfest-tischreservierungen.de\/wp-content\/uploads\/2020\/09\/Spezial-2-150x100.png 150w, https:\/\/oktoberfest-tischreservierungen.de\/wp-content\/uploads\/2020\/09\/Spezial-2-18x12.png 18w, https:\/\/oktoberfest-tischreservierungen.de\/wp-content\/uploads\/2020\/09\/Spezial-2-600x398.png 600w, https:\/\/oktoberfest-tischreservierungen.de\/wp-content\/uploads\/2020\/09\/Spezial-2.png 904w\" sizes=\"(max-width: 768px) 100vw, 768px\" \/><\/a>\n\t\t\t<\/div><\/figure><figure class='gallery-item'>\n\t\t\t<div class='gallery-icon landscape'>\n\t\t\t\t<a data-elementor-open-lightbox=\"yes\" data-elementor-lightbox-slideshow=\"8c7f1e7\" data-elementor-lightbox-title=\"2017-Oktoberfest-Armbrust-IMG_8460-wasserzeichen_1920x1920\" data-e-action-hash=\"#elementor-action%3Aaction%3Dlightbox%26settings%3DeyJpZCI6MjY3LCJ1cmwiOiJodHRwczpcL1wvb2t0b2JlcmZlc3QtdGlzY2hyZXNlcnZpZXJ1bmdlbi5kZVwvd3AtY29udGVudFwvdXBsb2Fkc1wvMjAyMFwvMDdcLzIwMTctT2t0b2JlcmZlc3QtQXJtYnJ1c3QtSU1HXzg0NjAtd2Fzc2VyemVpY2hlbl8xOTIweDE5MjAuanBnIiwic2xpZGVzaG93IjoiOGM3ZjFlNyJ9\" href='https:\/\/oktoberfest-tischreservierungen.de\/wp-content\/uploads\/2020\/07\/2017-Oktoberfest-Armbrust-IMG_8460-wasserzeichen_1920x1920.jpg'><img decoding=\"async\" width=\"768\" height=\"519\" src=\"https:\/\/oktoberfest-tischreservierungen.de\/wp-content\/uploads\/2020\/07\/2017-Oktoberfest-Armbrust-IMG_8460-wasserzeichen_1920x1920-768x519.jpg\" class=\"attachment-medium_large size-medium_large\" alt=\"\" srcset=\"https:\/\/oktoberfest-tischreservierungen.de\/wp-content\/uploads\/2020\/07\/2017-Oktoberfest-Armbrust-IMG_8460-wasserzeichen_1920x1920-768x519.jpg 768w, https:\/\/oktoberfest-tischreservierungen.de\/wp-content\/uploads\/2020\/07\/2017-Oktoberfest-Armbrust-IMG_8460-wasserzeichen_1920x1920-300x203.jpg 300w, https:\/\/oktoberfest-tischreservierungen.de\/wp-content\/uploads\/2020\/07\/2017-Oktoberfest-Armbrust-IMG_8460-wasserzeichen_1920x1920-600x406.jpg 600w, https:\/\/oktoberfest-tischreservierungen.de\/wp-content\/uploads\/2020\/07\/2017-Oktoberfest-Armbrust-IMG_8460-wasserzeichen_1920x1920-1024x692.jpg 1024w, https:\/\/oktoberfest-tischreservierungen.de\/wp-content\/uploads\/2020\/07\/2017-Oktoberfest-Armbrust-IMG_8460-wasserzeichen_1920x1920-1536x1039.jpg 1536w, https:\/\/oktoberfest-tischreservierungen.de\/wp-content\/uploads\/2020\/07\/2017-Oktoberfest-Armbrust-IMG_8460-wasserzeichen_1920x1920.jpg 1893w\" sizes=\"(max-width: 768px) 100vw, 768px\" \/><\/a>\n\t\t\t<\/div><\/figure>\n\t\t<\/div>\n\t\t<\/div>\n\t\t\t\t\t\t<\/div>\n\t\t\t\t<\/div>\n\t\t\t\t\t<\/div>\n\t\t<\/div>\n\t\t\t\t\t<\/div>\n\t\t<\/section>\n\t\t\t\t<section class=\"elementor-section elementor-top-section elementor-element elementor-element-af99cba elementor-section-boxed elementor-section-height-default elementor-section-height-default\" data-id=\"af99cba\" data-element_type=\"section\">\n\t\t\t\t\t\t<div class=\"elementor-container elementor-column-gap-default\">\n\t\t\t\t\t<div class=\"elementor-column elementor-col-100 elementor-top-column elementor-element elementor-element-bb92e3c\" data-id=\"bb92e3c\" data-element_type=\"column\">\n\t\t\t<div class=\"elementor-widget-wrap elementor-element-populated\">\n\t\t\t\t\t\t\t<\/div>\n\t\t<\/div>\n\t\t\t\t\t<\/div>\n\t\t<\/section>\n\t\t\t\t<section class=\"elementor-section elementor-top-section elementor-element elementor-element-4274b6f elementor-section-boxed elementor-section-height-default elementor-section-height-default\" data-id=\"4274b6f\" data-element_type=\"section\">\n\t\t\t\t\t\t<div class=\"elementor-container elementor-column-gap-default\">\n\t\t\t\t\t<div class=\"elementor-column elementor-col-100 elementor-top-column elementor-element elementor-element-21ef8fd\" data-id=\"21ef8fd\" data-element_type=\"column\">\n\t\t\t<div class=\"elementor-widget-wrap elementor-element-populated\">\n\t\t\t\t\t\t<div class=\"elementor-element elementor-element-e611350 elementor-widget elementor-widget-text-editor\" data-id=\"e611350\" data-element_type=\"widget\" data-widget_type=\"text-editor.default\">\n\t\t\t\t<div class=\"elementor-widget-container\">\n\t\t\t\t\t\t\t\t\t<p>The Special Package includes a discounted reservation in one of the large beer halls at the Oktoberfest at your preferred date and reservation time (guaranteed!). However, you cannot freely pre-select the beer hall of your choice since we will provide a reservation for you based on availability. Because of more flexibility in our process you will receive a discounted price compared to the prices of a fixed beer hall booking.<\/p>\t\t\t\t\t\t\t\t<\/div>\n\t\t\t\t<\/div>\n\t\t\t\t\t<\/div>\n\t\t<\/div>\n\t\t\t\t\t<\/div>\n\t\t<\/section>\n\t\t\t\t<section class=\"elementor-section elementor-top-section elementor-element elementor-element-bbcb5f7 elementor-section-boxed elementor-section-height-default elementor-section-height-default\" data-id=\"bbcb5f7\" data-element_type=\"section\">\n\t\t\t\t\t\t<div class=\"elementor-container elementor-column-gap-default\">\n\t\t\t\t\t<div class=\"elementor-column elementor-col-100 elementor-top-column elementor-element elementor-element-a643dd5\" data-id=\"a643dd5\" data-element_type=\"column\">\n\t\t\t<div class=\"elementor-widget-wrap elementor-element-populated\">\n\t\t\t\t\t\t<div class=\"elementor-element elementor-element-be978f4 elementor-widget elementor-widget-spacer\" data-id=\"be978f4\" data-element_type=\"widget\" data-widget_type=\"spacer.default\">\n\t\t\t\t<div class=\"elementor-widget-container\">\n\t\t\t\t\t\t\t<div class=\"elementor-spacer\">\n\t\t\t<div class=\"elementor-spacer-inner\"><\/div>\n\t\t<\/div>\n\t\t\t\t\t\t<\/div>\n\t\t\t\t<\/div>\n\t\t\t\t\t<\/div>\n\t\t<\/div>\n\t\t\t\t\t<\/div>\n\t\t<\/section>\n\t\t\t\t<section class=\"elementor-section elementor-top-section elementor-element elementor-element-b094c86 elementor-section-boxed elementor-section-height-default elementor-section-height-default\" data-id=\"b094c86\" data-element_type=\"section\">\n\t\t\t\t\t\t<div class=\"elementor-container elementor-column-gap-default\">\n\t\t\t\t\t<div class=\"elementor-column elementor-col-100 elementor-top-column elementor-element elementor-element-1086d7f\" data-id=\"1086d7f\" data-element_type=\"column\">\n\t\t\t<div class=\"elementor-widget-wrap elementor-element-populated\">\n\t\t\t\t\t\t<div class=\"elementor-element elementor-element-2e7de51 elementor-align-left elementor-mobile-align-center elementor-widget elementor-widget-button\" data-id=\"2e7de51\" data-element_type=\"widget\" data-widget_type=\"button.default\">\n\t\t\t\t<div class=\"elementor-widget-container\">\n\t\t\t\t\t\t\t\t\t<div class=\"elementor-button-wrapper\">\n\t\t\t\t\t<a class=\"elementor-button elementor-button-link elementor-size-md\" href=\"\/en\/product\/spezial-paket\/\">\n\t\t\t\t\t\t<span class=\"elementor-button-content-wrapper\">\n\t\t\t\t\t\t\t\t\t<span class=\"elementor-button-text\">AVAILABILITY<\/span>\n\t\t\t\t\t<\/span>\n\t\t\t\t\t<\/a>\n\t\t\t\t<\/div>\n\t\t\t\t\t\t\t\t<\/div>\n\t\t\t\t<\/div>\n\t\t\t\t\t<\/div>\n\t\t<\/div>\n\t\t\t\t\t<\/div>\n\t\t<\/section>\n\t\t\t\t<\/div>","protected":false},"excerpt":{"rendered":"<p>Spezial Paket Das Spezial Paket beinhaltet eine Reservierung in einem gro\u00dfen Festzelte auf dem Oktoberfest an Ihrem Wunschdatum und zu Ihrer bevorzugten Reservierungszeit (garantiert!). Das Festzelt ist jedoch nicht vorab frei w\u00e4hlbar und wird von uns beim Versand je nach Verf\u00fcgbarkeit individuell zugeordnet. Durch eine gr\u00f6\u00dfere Flexibilit\u00e4t in unserer Abwicklung erhalten Sie von uns einen [&hellip;]<\/p>","protected":false},"author":2,"featured_media":254,"parent":0,"menu_order":0,"comment_status":"closed","ping_status":"closed","template":"","meta":{"_eb_attr":"","content-type":"","ocean_post_layout":"left-sidebar","ocean_both_sidebars_style":"","ocean_both_sidebars_content_width":0,"ocean_both_sidebars_sidebars_width":0,"ocean_sidebar":"ocs-festzelte","ocean_second_sidebar":"0","ocean_disable_margins":"enable","ocean_add_body_class":"","ocean_shortcode_before_top_bar":"","ocean_shortcode_after_top_bar":"","ocean_shortcode_before_header":"","ocean_shortcode_after_header":"","ocean_has_shortcode":"","ocean_shortcode_after_title":"","ocean_shortcode_before_footer_widgets":"","ocean_shortcode_after_footer_widgets":"","ocean_shortcode_before_footer_bottom":"","ocean_shortcode_after_footer_bottom":"","ocean_display_top_bar":"default","ocean_display_header":"on","ocean_header_style":"","ocean_center_header_left_menu":"0","ocean_custom_header_template":"0","ocean_custom_logo":0,"ocean_custom_retina_logo":0,"ocean_custom_logo_max_width":0,"ocean_custom_logo_tablet_max_width":0,"ocean_custom_logo_mobile_max_width":0,"ocean_custom_logo_max_height":0,"ocean_custom_logo_tablet_max_height":0,"ocean_custom_logo_mobile_max_height":0,"ocean_header_custom_menu":"0","ocean_menu_typo_font_family":"0","ocean_menu_typo_font_subset":"","ocean_menu_typo_font_size":0,"ocean_menu_typo_font_size_tablet":0,"ocean_menu_typo_font_size_mobile":0,"ocean_menu_typo_font_size_unit":"px","ocean_menu_typo_font_weight":"","ocean_menu_typo_font_weight_tablet":"","ocean_menu_typo_font_weight_mobile":"","ocean_menu_typo_transform":"","ocean_menu_typo_transform_tablet":"","ocean_menu_typo_transform_mobile":"","ocean_menu_typo_line_height":0,"ocean_menu_typo_line_height_tablet":0,"ocean_menu_typo_line_height_mobile":0,"ocean_menu_typo_line_height_unit":"","ocean_menu_typo_spacing":0,"ocean_menu_typo_spacing_tablet":0,"ocean_menu_typo_spacing_mobile":0,"ocean_menu_typo_spacing_unit":"","ocean_menu_link_color":"","ocean_menu_link_color_hover":"","ocean_menu_link_color_active":"","ocean_menu_link_background":"","ocean_menu_link_hover_background":"","ocean_menu_link_active_background":"","ocean_menu_social_links_bg":"","ocean_menu_social_hover_links_bg":"","ocean_menu_social_links_color":"","ocean_menu_social_hover_links_color":"","ocean_disable_title":"on","ocean_disable_heading":"on","ocean_post_title":"","ocean_post_subheading":"","ocean_post_title_style":"","ocean_post_title_background_color":"","ocean_post_title_background":0,"ocean_post_title_bg_image_position":"","ocean_post_title_bg_image_attachment":"","ocean_post_title_bg_image_repeat":"","ocean_post_title_bg_image_size":"","ocean_post_title_height":0,"ocean_post_title_bg_overlay":0.5,"ocean_post_title_bg_overlay_color":"","ocean_disable_breadcrumbs":"default","ocean_breadcrumbs_color":"","ocean_breadcrumbs_separator_color":"","ocean_breadcrumbs_links_color":"","ocean_breadcrumbs_links_hover_color":"","ocean_display_footer_widgets":"default","ocean_display_footer_bottom":"default","ocean_custom_footer_template":"0","footnotes":""},"categories":[29],"tags":[],"class_list":["post-25510","page","type-page","status-publish","has-post-thumbnail","hentry","category-festzelte","entry","has-media","owp-thumbs-layout-horizontal","owp-btn-big","owp-tabs-layout-horizontal","has-no-thumbnails"],"_links":{"self":[{"href":"https:\/\/oktoberfest-tischreservierungen.de\/en\/wp-json\/wp\/v2\/pages\/25510","targetHints":{"allow":["GET"]}}],"collection":[{"href":"https:\/\/oktoberfest-tischreservierungen.de\/en\/wp-json\/wp\/v2\/pages"}],"about":[{"href":"https:\/\/oktoberfest-tischreservierungen.de\/en\/wp-json\/wp\/v2\/types\/page"}],"author":[{"embeddable":true,"href":"https:\/\/oktoberfest-tischreservierungen.de\/en\/wp-json\/wp\/v2\/users\/2"}],"replies":[{"embeddable":true,"href":"https:\/\/oktoberfest-tischreservierungen.de\/en\/wp-json\/wp\/v2\/comments?post=25510"}],"version-history":[{"count":16,"href":"https:\/\/oktoberfest-tischreservierungen.de\/en\/wp-json\/wp\/v2\/pages\/25510\/revisions"}],"predecessor-version":[{"id":26294,"href":"https:\/\/oktoberfest-tischreservierungen.de\/en\/wp-json\/wp\/v2\/pages\/25510\/revisions\/26294"}],"wp:featuredmedia":[{"embeddable":true,"href":"https:\/\/oktoberfest-tischreservierungen.de\/en\/wp-json\/"}],"wp:attachment":[{"href":"https:\/\/oktoberfest-tischreservierungen.de\/en\/wp-json\/wp\/v2\/media?parent=25510"}],"wp:term":[{"taxonomy":"category","embeddable":true,"href":"https:\/\/oktoberfest-tischreservierungen.de\/en\/wp-json\/wp\/v2\/categories?post=25510"},{"taxonomy":"post_tag","embeddable":true,"href":"https:\/\/oktoberfest-tischreservierungen.de\/en\/wp-json\/wp\/v2\/tags?post=25510"}],"curies":[{"name":"wp","href":"https:\/\/api.w.org\/{rel}","templated":true}]}}