{"id":76,"date":"2020-07-16T11:02:42","date_gmt":"2020-07-16T09:02:42","guid":{"rendered":"http:\/\/192.168.0.10\/tab\/?page_id=76"},"modified":"2021-11-02T15:46:17","modified_gmt":"2021-11-02T14:46:17","slug":"versand","status":"publish","type":"page","link":"https:\/\/oktoberfest-tischreservierungen.de\/en\/versand\/","title":{"rendered":"Shipping"},"content":{"rendered":"<div data-elementor-type=\"wp-page\" data-elementor-id=\"76\" class=\"elementor elementor-76\" data-elementor-post-type=\"page\">\n\t\t\t\t\t\t<section class=\"elementor-section elementor-top-section elementor-element elementor-element-06a2f63 elementor-section-boxed elementor-section-height-default elementor-section-height-default\" data-id=\"06a2f63\" data-element_type=\"section\">\n\t\t\t\t\t\t<div class=\"elementor-container elementor-column-gap-default\">\n\t\t\t\t\t<div class=\"elementor-column elementor-col-100 elementor-top-column elementor-element elementor-element-b43bba1\" data-id=\"b43bba1\" data-element_type=\"column\">\n\t\t\t<div class=\"elementor-widget-wrap elementor-element-populated\">\n\t\t\t\t\t\t<div class=\"elementor-element elementor-element-61411ba elementor-widget elementor-widget-text-editor\" data-id=\"61411ba\" data-element_type=\"widget\" data-widget_type=\"text-editor.default\">\n\t\t\t\t<div class=\"elementor-widget-container\">\n\t\t\t\t\t\t\t\t\t<p><span style=\"font-variant-ligatures: normal; font-variant-caps: normal; font-family: Nunito; font-size: 18px; font-style: normal; font-weight: 700;\">The insured shipping takes place by&nbsp;<\/span><span style=\"font-variant-ligatures: normal; font-variant-caps: normal; font-family: Nunito; font-size: 18px; font-style: normal; font-weight: 600;\"><a href=\"https:\/\/www.general-overnight.com\/deu_de\/online-services\/order-track.html\" style=\"font-size: 18px;\" target=\"_blank\" rel=\"noopener\">GO! Express<\/a>.<\/span><\/p><p><span style=\"font-variant-ligatures: normal; font-variant-caps: normal; font-family: Nunito; font-size: 18px; font-style: normal; font-weight: 700;\">&nbsp;<\/span><\/p>\n<p><span style=\"font-variant-ligatures: normal; font-variant-caps: normal; font-family: Nunito; font-size: 18px; font-style: normal; font-weight: 700;\">The shipping costs are divided as follows:<\/span><br><\/p>\n<p style=\"font-variant-ligatures: normal; font-variant-caps: normal; font-family: Nunito; font-size: 18px; font-style: normal; font-weight: 700;\"><span style=\"font-size: 18px; font-weight: 600;\">National:<\/span>&nbsp;Within Germany: 19,00 EUR incl. 19% MwSt<\/p>\n<p style=\"font-variant-ligatures: normal; font-variant-caps: normal; font-family: Nunito; font-size: 18px; font-style: normal; font-weight: 700;\">\n<\/p><p style=\"font-variant-ligatures: normal; font-variant-caps: normal; font-family: Nunito; font-size: 18px; font-style: normal; font-weight: 700;\">\n<\/p><p style=\"font-variant-ligatures: normal; font-variant-caps: normal; font-family: Nunito; font-size: 18px; font-style: normal; font-weight: 700;\"><span style=\"font-size: 18px; font-weight: 600;\">Within the EU (except Germany):<\/span>&nbsp;29,00 EUR incl. 19% MwSt<\/p>\n<p style=\"font-variant-ligatures: normal; font-variant-caps: normal; font-family: Nunito; font-size: 18px; font-style: normal; font-weight: 700;\">\n<\/p><p style=\"font-variant-ligatures: normal; font-variant-caps: normal; font-family: Nunito; font-size: 18px; font-style: normal; font-weight: 700;\">\n<\/p><p style=\"font-variant-ligatures: normal; font-variant-caps: normal; font-family: Nunito; font-size: 18px; font-style: normal; font-weight: 700;\"><span style=\"font-size: 18px; font-weight: 600;\">International to all other countries *:<\/span>&nbsp;59,00 EUR inkl. 19 % MwSt<\/p><p style=\"font-variant-ligatures: normal; font-variant-caps: normal; font-family: Nunito; font-size: 18px; font-style: normal; font-weight: 700;\"><br><\/p>\n<p style=\"font-variant-ligatures: normal; font-variant-caps: normal; font-family: Nunito; font-size: 18px; font-style: normal; font-weight: 700;\">\n<\/p><p style=\"font-variant-ligatures: normal; font-variant-caps: normal; font-family: Nunito; font-size: 18px; font-style: normal; font-weight: 700;\">\n<\/p><p style=\"font-variant-ligatures: normal; font-variant-caps: normal; font-family: Nunito; font-size: 18px; font-style: normal; font-weight: 700;\">\n<\/p><p style=\"font-variant-ligatures: normal; font-variant-caps: normal; font-family: Nunito; font-size: 18px; font-style: normal; font-weight: 700;\">\n<\/p><p style=\"font-variant-ligatures: normal; font-variant-caps: normal; font-family: Nunito; font-size: 18px; font-style: normal; font-weight: 700;\"><em style=\"font-size: 18px;\">* For all international customers, we are happy to arrange delivery to a hotel in Germany.<\/em><\/p>\t\t\t\t\t\t\t\t<\/div>\n\t\t\t\t<\/div>\n\t\t\t\t\t<\/div>\n\t\t<\/div>\n\t\t\t\t\t<\/div>\n\t\t<\/section>\n\t\t\t\t<section class=\"elementor-section elementor-top-section elementor-element elementor-element-7ba5fcb elementor-section-boxed elementor-section-height-default elementor-section-height-default\" data-id=\"7ba5fcb\" data-element_type=\"section\">\n\t\t\t\t\t\t<div class=\"elementor-container elementor-column-gap-default\">\n\t\t\t\t\t<div class=\"elementor-column elementor-col-100 elementor-top-column elementor-element elementor-element-f8214f5\" data-id=\"f8214f5\" data-element_type=\"column\">\n\t\t\t<div class=\"elementor-widget-wrap elementor-element-populated\">\n\t\t\t\t\t\t<div class=\"elementor-element elementor-element-ef3b08d elementor-widget elementor-widget-spacer\" data-id=\"ef3b08d\" data-element_type=\"widget\" data-widget_type=\"spacer.default\">\n\t\t\t\t<div class=\"elementor-widget-container\">\n\t\t\t\t\t\t\t<div class=\"elementor-spacer\">\n\t\t\t<div class=\"elementor-spacer-inner\"><\/div>\n\t\t<\/div>\n\t\t\t\t\t\t<\/div>\n\t\t\t\t<\/div>\n\t\t\t\t\t<\/div>\n\t\t<\/div>\n\t\t\t\t\t<\/div>\n\t\t<\/section>\n\t\t\t\t<section class=\"elementor-section elementor-top-section elementor-element elementor-element-11d2058 elementor-section-boxed elementor-section-height-default elementor-section-height-default\" data-id=\"11d2058\" data-element_type=\"section\">\n\t\t\t\t\t\t<div class=\"elementor-container elementor-column-gap-default\">\n\t\t\t\t\t<div class=\"elementor-column elementor-col-100 elementor-top-column elementor-element elementor-element-33e9d42\" data-id=\"33e9d42\" data-element_type=\"column\">\n\t\t\t<div class=\"elementor-widget-wrap elementor-element-populated\">\n\t\t\t\t\t\t<div class=\"elementor-element elementor-element-90947d6 elementor-align-center elementor-widget elementor-widget-button\" data-id=\"90947d6\" data-element_type=\"widget\" data-widget_type=\"button.default\">\n\t\t\t\t<div class=\"elementor-widget-container\">\n\t\t\t\t\t\t\t\t\t<div class=\"elementor-button-wrapper\">\n\t\t\t\t\t<a class=\"elementor-button elementor-button-link elementor-size-sm\" href=\"\/en\/tischreservierungen-buchen\/\">\n\t\t\t\t\t\t<span class=\"elementor-button-content-wrapper\">\n\t\t\t\t\t\t\t\t\t<span class=\"elementor-button-text\">Book Now<\/span>\n\t\t\t\t\t<\/span>\n\t\t\t\t\t<\/a>\n\t\t\t\t<\/div>\n\t\t\t\t\t\t\t\t<\/div>\n\t\t\t\t<\/div>\n\t\t\t\t\t<\/div>\n\t\t<\/div>\n\t\t\t\t\t<\/div>\n\t\t<\/section>\n\t\t\t\t<\/div>","protected":false},"excerpt":{"rendered":"<p>Der versicherte Versand erfolgt per&nbsp;GO! Express. &nbsp; Die Versandkosten teilen sich dabei wie folgt auf: National:&nbsp;innerhalb Deutschlands: 19,00 EUR inkl. 19% MwSt Innerhalb der EU (au\u00dfer Deutschland):&nbsp;29,00 EUR inkl. 19% MwSt International in alle anderen L\u00e4nder*:&nbsp;59,00 EUR inkl. 19 % MwSt *F\u00fcr alle internationalen Kunden veranlassen wir gerne den Versand in ein Hotel in Deutschland. [&hellip;]<\/p>","protected":false},"author":1,"featured_media":0,"parent":0,"menu_order":0,"comment_status":"closed","ping_status":"closed","template":"","meta":{"_eb_attr":"","content-type":"","ocean_post_layout":"left-sidebar","ocean_both_sidebars_style":"","ocean_both_sidebars_content_width":0,"ocean_both_sidebars_sidebars_width":0,"ocean_sidebar":"ocs-festzelte","ocean_second_sidebar":"0","ocean_disable_margins":"enable","ocean_add_body_class":"","ocean_shortcode_before_top_bar":"","ocean_shortcode_after_top_bar":"","ocean_shortcode_before_header":"","ocean_shortcode_after_header":"","ocean_has_shortcode":"","ocean_shortcode_after_title":"","ocean_shortcode_before_footer_widgets":"","ocean_shortcode_after_footer_widgets":"","ocean_shortcode_before_footer_bottom":"","ocean_shortcode_after_footer_bottom":"","ocean_display_top_bar":"default","ocean_display_header":"default","ocean_header_style":"","ocean_center_header_left_menu":"0","ocean_custom_header_template":"0","ocean_custom_logo":0,"ocean_custom_retina_logo":0,"ocean_custom_logo_max_width":0,"ocean_custom_logo_tablet_max_width":0,"ocean_custom_logo_mobile_max_width":0,"ocean_custom_logo_max_height":0,"ocean_custom_logo_tablet_max_height":0,"ocean_custom_logo_mobile_max_height":0,"ocean_header_custom_menu":"16","ocean_menu_typo_font_family":"0","ocean_menu_typo_font_subset":"","ocean_menu_typo_font_size":0,"ocean_menu_typo_font_size_tablet":0,"ocean_menu_typo_font_size_mobile":0,"ocean_menu_typo_font_size_unit":"px","ocean_menu_typo_font_weight":"","ocean_menu_typo_font_weight_tablet":"","ocean_menu_typo_font_weight_mobile":"","ocean_menu_typo_transform":"","ocean_menu_typo_transform_tablet":"","ocean_menu_typo_transform_mobile":"","ocean_menu_typo_line_height":0,"ocean_menu_typo_line_height_tablet":0,"ocean_menu_typo_line_height_mobile":0,"ocean_menu_typo_line_height_unit":"","ocean_menu_typo_spacing":0,"ocean_menu_typo_spacing_tablet":0,"ocean_menu_typo_spacing_mobile":0,"ocean_menu_typo_spacing_unit":"","ocean_menu_link_color":"","ocean_menu_link_color_hover":"","ocean_menu_link_color_active":"","ocean_menu_link_background":"","ocean_menu_link_hover_background":"","ocean_menu_link_active_background":"","ocean_menu_social_links_bg":"","ocean_menu_social_hover_links_bg":"","ocean_menu_social_links_color":"","ocean_menu_social_hover_links_color":"","ocean_disable_title":"enable","ocean_disable_heading":"default","ocean_post_title":"","ocean_post_subheading":"","ocean_post_title_style":"background-image","ocean_post_title_background_color":"","ocean_post_title_background":23404,"ocean_post_title_bg_image_position":"","ocean_post_title_bg_image_attachment":"","ocean_post_title_bg_image_repeat":"","ocean_post_title_bg_image_size":"","ocean_post_title_height":0,"ocean_post_title_bg_overlay":0.01,"ocean_post_title_bg_overlay_color":"","ocean_disable_breadcrumbs":"default","ocean_breadcrumbs_color":"","ocean_breadcrumbs_separator_color":"","ocean_breadcrumbs_links_color":"","ocean_breadcrumbs_links_hover_color":"","ocean_display_footer_widgets":"default","ocean_display_footer_bottom":"default","ocean_custom_footer_template":"0","footnotes":""},"categories":[32],"tags":[],"class_list":["post-76","page","type-page","status-publish","hentry","category-shop","entry","owp-thumbs-layout-horizontal","owp-btn-big","owp-tabs-layout-horizontal","has-no-thumbnails"],"_links":{"self":[{"href":"https:\/\/oktoberfest-tischreservierungen.de\/en\/wp-json\/wp\/v2\/pages\/76","targetHints":{"allow":["GET"]}}],"collection":[{"href":"https:\/\/oktoberfest-tischreservierungen.de\/en\/wp-json\/wp\/v2\/pages"}],"about":[{"href":"https:\/\/oktoberfest-tischreservierungen.de\/en\/wp-json\/wp\/v2\/types\/page"}],"author":[{"embeddable":true,"href":"https:\/\/oktoberfest-tischreservierungen.de\/en\/wp-json\/wp\/v2\/users\/1"}],"replies":[{"embeddable":true,"href":"https:\/\/oktoberfest-tischreservierungen.de\/en\/wp-json\/wp\/v2\/comments?post=76"}],"version-history":[{"count":27,"href":"https:\/\/oktoberfest-tischreservierungen.de\/en\/wp-json\/wp\/v2\/pages\/76\/revisions"}],"predecessor-version":[{"id":25974,"href":"https:\/\/oktoberfest-tischreservierungen.de\/en\/wp-json\/wp\/v2\/pages\/76\/revisions\/25974"}],"wp:attachment":[{"href":"https:\/\/oktoberfest-tischreservierungen.de\/en\/wp-json\/wp\/v2\/media?parent=76"}],"wp:term":[{"taxonomy":"category","embeddable":true,"href":"https:\/\/oktoberfest-tischreservierungen.de\/en\/wp-json\/wp\/v2\/categories?post=76"},{"taxonomy":"post_tag","embeddable":true,"href":"https:\/\/oktoberfest-tischreservierungen.de\/en\/wp-json\/wp\/v2\/tags?post=76"}],"curies":[{"name":"wp","href":"https:\/\/api.w.org\/{rel}","templated":true}]}}