{"id":20853,"date":"2020-09-30T17:28:29","date_gmt":"2020-09-30T15:28:29","guid":{"rendered":"http:\/\/192.168.0.10\/ofest\/product\/ochsenbraterei\/"},"modified":"2025-11-06T10:55:37","modified_gmt":"2025-11-06T09:55:37","slug":"ochsenbraterei","status":"publish","type":"product","link":"https:\/\/oktoberfest-tischreservierungen.de\/en\/product\/ochsenbraterei\/","title":{"rendered":"Ochsenbraterei"},"content":{"rendered":"<ul>\n<li style=\"list-style-type: none\">\n<ul>\n<li>The reservation is valid for the selected number of people<\/li>\n<li>Included: Consumption vouchers for 2x beer and 1 x \u00bd chicken per person.<\/li>\n<li>After receiving the reservation documents by our suppliers, we will send the documents by express no later than 5 days before the respective day of the event (e-tickets are not possible).<\/li>\n<li>For short-term bookings from one week before the start of the Oktoberfest, the reservation documents can be picked up in downtown Munich.<\/li>\n<\/ul>\n<\/li>\n<\/ul>\n<p>For more information, please refer to our <a href=\"https:\/\/oktoberfest-tischreservierungen.de\/en\/agb\/\">terms and conditions<\/a>.<\/p>","protected":false},"excerpt":{"rendered":"<p>Die Reservierung gilt f\u00fcr die ausgew\u00e4hlte Personenanzahl Inklusive: Verzehrgutscheine f\u00fcr 2x Mass Bier und 1 x \u00bd Hendl pro Person. Die Reservierungsunterlagen verschicken wir, nach Erhalt durch unsere Lieferanten, per Express sp\u00e4testens 5 Tage vor dem jeweiligen Veranstaltungstag (keine E-Tickets m\u00f6glich). Bei kurzfristigen Buchungen ab einer Woche vor Beginn des Oktoberfests k\u00f6nnen die Reservierungsunterlagen in [&hellip;]<\/p>","protected":false},"featured_media":26184,"template":"","meta":{"_eb_attr":"","content-type":"","ocean_post_layout":"full-width","ocean_both_sidebars_style":"","ocean_both_sidebars_content_width":0,"ocean_both_sidebars_sidebars_width":0,"ocean_sidebar":"0","ocean_second_sidebar":"0","ocean_disable_margins":"enable","ocean_add_body_class":"","ocean_shortcode_before_top_bar":"","ocean_shortcode_after_top_bar":"","ocean_shortcode_before_header":"","ocean_shortcode_after_header":"","ocean_has_shortcode":"","ocean_shortcode_after_title":"","ocean_shortcode_before_footer_widgets":"","ocean_shortcode_after_footer_widgets":"","ocean_shortcode_before_footer_bottom":"","ocean_shortcode_after_footer_bottom":"","ocean_display_top_bar":"default","ocean_display_header":"default","ocean_header_style":"","ocean_center_header_left_menu":"0","ocean_custom_header_template":"0","ocean_custom_logo":0,"ocean_custom_retina_logo":0,"ocean_custom_logo_max_width":0,"ocean_custom_logo_tablet_max_width":0,"ocean_custom_logo_mobile_max_width":0,"ocean_custom_logo_max_height":0,"ocean_custom_logo_tablet_max_height":0,"ocean_custom_logo_mobile_max_height":0,"ocean_header_custom_menu":"0","ocean_menu_typo_font_family":"0","ocean_menu_typo_font_subset":"","ocean_menu_typo_font_size":0,"ocean_menu_typo_font_size_tablet":0,"ocean_menu_typo_font_size_mobile":0,"ocean_menu_typo_font_size_unit":"px","ocean_menu_typo_font_weight":"","ocean_menu_typo_font_weight_tablet":"","ocean_menu_typo_font_weight_mobile":"","ocean_menu_typo_transform":"","ocean_menu_typo_transform_tablet":"","ocean_menu_typo_transform_mobile":"","ocean_menu_typo_line_height":0,"ocean_menu_typo_line_height_tablet":0,"ocean_menu_typo_line_height_mobile":0,"ocean_menu_typo_line_height_unit":"","ocean_menu_typo_spacing":0,"ocean_menu_typo_spacing_tablet":0,"ocean_menu_typo_spacing_mobile":0,"ocean_menu_typo_spacing_unit":"","ocean_menu_link_color":"","ocean_menu_link_color_hover":"","ocean_menu_link_color_active":"","ocean_menu_link_background":"","ocean_menu_link_hover_background":"","ocean_menu_link_active_background":"","ocean_menu_social_links_bg":"","ocean_menu_social_hover_links_bg":"","ocean_menu_social_links_color":"","ocean_menu_social_hover_links_color":"","ocean_disable_title":"default","ocean_disable_heading":"default","ocean_post_title":"","ocean_post_subheading":"","ocean_post_title_style":"","ocean_post_title_background_color":"","ocean_post_title_background":0,"ocean_post_title_bg_image_position":"","ocean_post_title_bg_image_attachment":"","ocean_post_title_bg_image_repeat":"","ocean_post_title_bg_image_size":"","ocean_post_title_height":0,"ocean_post_title_bg_overlay":0.5,"ocean_post_title_bg_overlay_color":"","ocean_disable_breadcrumbs":"default","ocean_breadcrumbs_color":"","ocean_breadcrumbs_separator_color":"","ocean_breadcrumbs_links_color":"","ocean_breadcrumbs_links_hover_color":"","ocean_display_footer_widgets":"default","ocean_display_footer_bottom":"default","ocean_custom_footer_template":"0"},"product_brand":[],"product_cat":[28],"product_tag":[],"class_list":{"0":"post-20853","1":"product","2":"type-product","3":"status-publish","4":"has-post-thumbnail","6":"product_cat-festzelte","7":"pa_area-kein-bestimmter-bereich","8":"pa_area-balkon","9":"pa_area-box","10":"pa_area-mittelschiff","11":"pa_date-2026-09-19","12":"pa_date-2026-09-20","13":"pa_date-2026-09-21","14":"pa_date-2026-09-22","15":"pa_date-2026-09-23","16":"pa_date-2026-09-24","17":"pa_date-2026-09-25","18":"pa_date-2026-09-26","19":"pa_date-2026-09-27","20":"pa_date-2026-09-28","21":"pa_date-2026-09-29","22":"pa_date-2026-09-30","23":"pa_date-2026-10-01","24":"pa_date-2026-10-02","25":"pa_date-2026-10-03","26":"pa_date-2026-10-04","27":"pa_pax-193","28":"pa_pax-184","29":"pa_pax-185","30":"pa_pax-186","31":"pa_pax-187","32":"pa_pax-188","33":"pa_pax-189","34":"pa_pax-200","35":"pa_pax-205","36":"pa_pax-209","37":"pa_pax-206","38":"pa_pax-211","39":"pa_pax-210","40":"pa_pax-212","41":"pa_timeslot-mittag","42":"pa_timeslot-nachmittag","43":"pa_timeslot-abend","45":"entry","46":"has-media","48":"first","49":"instock","50":"sold-individually","51":"taxable","52":"shipping-taxable","53":"purchasable","54":"product-type-variable","55":"col","56":"span_1_of_4","57":"owp-content-center","58":"owp-thumbs-layout-horizontal","59":"owp-btn-big","60":"owp-tabs-layout-horizontal"},"_links":{"self":[{"href":"https:\/\/oktoberfest-tischreservierungen.de\/en\/wp-json\/wp\/v2\/product\/20853","targetHints":{"allow":["GET"]}}],"collection":[{"href":"https:\/\/oktoberfest-tischreservierungen.de\/en\/wp-json\/wp\/v2\/product"}],"about":[{"href":"https:\/\/oktoberfest-tischreservierungen.de\/en\/wp-json\/wp\/v2\/types\/product"}],"wp:featuredmedia":[{"embeddable":true,"href":"https:\/\/oktoberfest-tischreservierungen.de\/en\/wp-json\/wp\/v2\/media\/26184"}],"wp:attachment":[{"href":"https:\/\/oktoberfest-tischreservierungen.de\/en\/wp-json\/wp\/v2\/media?parent=20853"}],"wp:term":[{"taxonomy":"product_brand","embeddable":true,"href":"https:\/\/oktoberfest-tischreservierungen.de\/en\/wp-json\/wp\/v2\/product_brand?post=20853"},{"taxonomy":"product_cat","embeddable":true,"href":"https:\/\/oktoberfest-tischreservierungen.de\/en\/wp-json\/wp\/v2\/product_cat?post=20853"},{"taxonomy":"product_tag","embeddable":true,"href":"https:\/\/oktoberfest-tischreservierungen.de\/en\/wp-json\/wp\/v2\/product_tag?post=20853"}],"curies":[{"name":"wp","href":"https:\/\/api.w.org\/{rel}","templated":true}]}}